{"id":99,"date":"2023-09-06T15:19:23","date_gmt":"2023-09-06T15:19:23","guid":{"rendered":"https:\/\/nr.fas.is\/?page_id=99"},"modified":"2023-09-06T15:46:40","modified_gmt":"2023-09-06T15:46:40","slug":"iceland-2023-2024","status":"publish","type":"page","link":"https:\/\/nr.fas.is\/?page_id=99","title":{"rendered":"Iceland 2023 &#8211; 2024"},"content":{"rendered":"<div class='rt-container-fluid rt-team-container rt-pos-r rt-team-container-125' id='rt-team-container-1956801410'  data-layout='layout1' data-desktop-col='4'  data-tab-col='2'  data-mobile-col='1' data-sc-id='125' data-popup-bg=''><div data-title='Loading ...' class='rt-row rt-content-loader layout1 ttp-even ttp-pre-loader'><div class=\"rt-col-md-3 rt-col-sm-6 rt-col-xs-12  even-grid-item rt-grid-item\" data-id=\"173\"><div class=\"single-team-area\"><div class=\"single-team\"><figure><a class=\"\" data-id=\"173\" target=\"_self\" href=\"https:\/\/nr.fas.is\/?team=adam-zriouil\"><img fetchpriority=\"high\" decoding=\"async\" width=\"580\" height=\"687\" src=\"https:\/\/nr.fas.is\/wp-content\/uploads\/2023\/09\/adam_1.jpg\" class=\"img-responsive rt-team-img\" alt=\"Adam Zriouil\" \/><\/a><\/figure><\/div><div class=\"tlp-content\"><h3><span class=\"team-name\"><a class=\"\" data-id=\"173\" target=\"_self\" title=\"Adam Zriouil\" href=\"https:\/\/nr.fas.is\/?team=adam-zriouil\">Adam Zriouil<\/a><\/span><\/h3><\/div><\/div><\/div><div class=\"rt-col-md-3 rt-col-sm-6 rt-col-xs-12  even-grid-item rt-grid-item\" data-id=\"175\"><div class=\"single-team-area\"><div class=\"single-team\"><figure><a class=\"\" data-id=\"175\" target=\"_self\" href=\"https:\/\/nr.fas.is\/?team=alexandra-hernandez\"><img decoding=\"async\" width=\"1024\" height=\"905\" src=\"https:\/\/nr.fas.is\/wp-content\/uploads\/2023\/09\/Alexandra_1-1024x905.jpg\" class=\"img-responsive rt-team-img\" alt=\"Alexandra Hernandez\" \/><\/a><\/figure><\/div><div class=\"tlp-content\"><h3><span class=\"team-name\"><a class=\"\" data-id=\"175\" target=\"_self\" title=\"Alexandra Hernandez\" href=\"https:\/\/nr.fas.is\/?team=alexandra-hernandez\">Alexandra Hernandez<\/a><\/span><\/h3><\/div><\/div><\/div><div class=\"rt-col-md-3 rt-col-sm-6 rt-col-xs-12  even-grid-item rt-grid-item\" data-id=\"178\"><div class=\"single-team-area\"><div class=\"single-team\"><figure><a class=\"\" data-id=\"178\" target=\"_self\" href=\"https:\/\/nr.fas.is\/?team=gunnar-oli-jonsson\"><img decoding=\"async\" width=\"676\" height=\"802\" src=\"https:\/\/nr.fas.is\/wp-content\/uploads\/2023\/09\/gunnaroli_1.jpg\" class=\"img-responsive rt-team-img\" alt=\"Gunnar \u00d3li J\u00f3nsson\" \/><\/a><\/figure><\/div><div class=\"tlp-content\"><h3><span class=\"team-name\"><a class=\"\" data-id=\"178\" target=\"_self\" title=\"Gunnar \u00d3li J\u00f3nsson\" href=\"https:\/\/nr.fas.is\/?team=gunnar-oli-jonsson\">Gunnar \u00d3li J\u00f3nsson<\/a><\/span><\/h3><\/div><\/div><\/div><div class=\"rt-col-md-3 rt-col-sm-6 rt-col-xs-12  even-grid-item rt-grid-item\" data-id=\"180\"><div class=\"single-team-area\"><div class=\"single-team\"><figure><a class=\"\" data-id=\"180\" target=\"_self\" href=\"https:\/\/nr.fas.is\/?team=helga-kristey-asgeirsdottir\"><img loading=\"lazy\" decoding=\"async\" width=\"676\" height=\"911\" src=\"https:\/\/nr.fas.is\/wp-content\/uploads\/2023\/09\/Helga.jpg\" class=\"img-responsive rt-team-img\" alt=\"Helga Kristey \u00c1sgeirsd\u00f3ttir\" \/><\/a><\/figure><\/div><div class=\"tlp-content\"><h3><span class=\"team-name\"><a class=\"\" data-id=\"180\" target=\"_self\" title=\"Helga Kristey \u00c1sgeirsd\u00f3ttir\" href=\"https:\/\/nr.fas.is\/?team=helga-kristey-asgeirsdottir\">Helga Kristey \u00c1sgeirsd\u00f3ttir<\/a><\/span><\/h3><\/div><\/div><\/div><div class=\"rt-col-md-3 rt-col-sm-6 rt-col-xs-12  even-grid-item rt-grid-item\" data-id=\"182\"><div class=\"single-team-area\"><div class=\"single-team\"><figure><a class=\"\" data-id=\"182\" target=\"_self\" href=\"https:\/\/nr.fas.is\/?team=hildur-sunna-einarsdottir\"><img loading=\"lazy\" decoding=\"async\" width=\"873\" height=\"1024\" src=\"https:\/\/nr.fas.is\/wp-content\/uploads\/2023\/09\/hildur-873x1024.jpg\" class=\"img-responsive rt-team-img\" alt=\"Hildur Sunna Einarsd\u00f3ttir\" \/><\/a><\/figure><\/div><div class=\"tlp-content\"><h3><span class=\"team-name\"><a class=\"\" data-id=\"182\" target=\"_self\" title=\"Hildur Sunna Einarsd\u00f3ttir\" href=\"https:\/\/nr.fas.is\/?team=hildur-sunna-einarsdottir\">Hildur Sunna Einarsd\u00f3ttir<\/a><\/span><\/h3><\/div><\/div><\/div><div class=\"rt-col-md-3 rt-col-sm-6 rt-col-xs-12  even-grid-item rt-grid-item\" data-id=\"184\"><div class=\"single-team-area\"><div class=\"single-team\"><figure><a class=\"\" data-id=\"184\" target=\"_self\" href=\"https:\/\/nr.fas.is\/?team=ingolfur-vigfusson\"><img loading=\"lazy\" decoding=\"async\" width=\"768\" height=\"1024\" src=\"https:\/\/nr.fas.is\/wp-content\/uploads\/2023\/09\/ingolfur-768x1024.jpg\" class=\"img-responsive rt-team-img\" alt=\"Ing\u00f3lfur Vigf\u00fasson\" \/><\/a><\/figure><\/div><div class=\"tlp-content\"><h3><span class=\"team-name\"><a class=\"\" data-id=\"184\" target=\"_self\" title=\"Ing\u00f3lfur Vigf\u00fasson\" href=\"https:\/\/nr.fas.is\/?team=ingolfur-vigfusson\">Ing\u00f3lfur Vigf\u00fasson<\/a><\/span><\/h3><\/div><\/div><\/div><div class=\"rt-col-md-3 rt-col-sm-6 rt-col-xs-12  even-grid-item rt-grid-item\" data-id=\"186\"><div class=\"single-team-area\"><div class=\"single-team\"><figure><a class=\"\" data-id=\"186\" target=\"_self\" href=\"https:\/\/nr.fas.is\/?team=isabella-tigist\"><img loading=\"lazy\" decoding=\"async\" width=\"768\" height=\"1024\" src=\"https:\/\/nr.fas.is\/wp-content\/uploads\/2023\/09\/Isabella-768x1024.jpg\" class=\"img-responsive rt-team-img\" alt=\"Isabella Tigist\" \/><\/a><\/figure><\/div><div class=\"tlp-content\"><h3><span class=\"team-name\"><a class=\"\" data-id=\"186\" target=\"_self\" title=\"Isabella Tigist\" href=\"https:\/\/nr.fas.is\/?team=isabella-tigist\">Isabella Tigist<\/a><\/span><\/h3><\/div><\/div><\/div><div class=\"rt-col-md-3 rt-col-sm-6 rt-col-xs-12  even-grid-item rt-grid-item\" data-id=\"188\"><div class=\"single-team-area\"><div class=\"single-team\"><figure><a class=\"\" data-id=\"188\" target=\"_self\" href=\"https:\/\/nr.fas.is\/?team=nina-ingibjorg-einarsdottir\"><img loading=\"lazy\" decoding=\"async\" width=\"560\" height=\"683\" src=\"https:\/\/nr.fas.is\/wp-content\/uploads\/2023\/09\/nina.jpg\" class=\"img-responsive rt-team-img\" alt=\"N\u00edna Ingibj\u00f6rg Einarsd\u00f3ttir\" \/><\/a><\/figure><\/div><div class=\"tlp-content\"><h3><span class=\"team-name\"><a class=\"\" data-id=\"188\" target=\"_self\" title=\"N\u00edna Ingibj\u00f6rg Einarsd\u00f3ttir\" href=\"https:\/\/nr.fas.is\/?team=nina-ingibjorg-einarsdottir\">N\u00edna Ingibj\u00f6rg Einarsd\u00f3ttir<\/a><\/span><\/h3><\/div><\/div><\/div><div class=\"rt-col-md-3 rt-col-sm-6 rt-col-xs-12  even-grid-item rt-grid-item\" data-id=\"190\"><div class=\"single-team-area\"><div class=\"single-team\"><figure><a class=\"\" data-id=\"190\" target=\"_self\" href=\"https:\/\/nr.fas.is\/?team=siggerdur-egla-hjaltadottir\"><img loading=\"lazy\" decoding=\"async\" width=\"574\" height=\"766\" src=\"https:\/\/nr.fas.is\/wp-content\/uploads\/2023\/09\/siggerdur.jpg\" class=\"img-responsive rt-team-img\" alt=\"Sigger\u00f0ur Egla Hjaltad\u00f3ttir\" \/><\/a><\/figure><\/div><div class=\"tlp-content\"><h3><span class=\"team-name\"><a class=\"\" data-id=\"190\" target=\"_self\" title=\"Sigger\u00f0ur Egla Hjaltad\u00f3ttir\" href=\"https:\/\/nr.fas.is\/?team=siggerdur-egla-hjaltadottir\">Sigger\u00f0ur Egla Hjaltad\u00f3ttir<\/a><\/span><\/h3><\/div><\/div><\/div><div class=\"rt-col-md-3 rt-col-sm-6 rt-col-xs-12  even-grid-item rt-grid-item\" data-id=\"192\"><div class=\"single-team-area\"><div class=\"single-team\"><figure><a class=\"\" data-id=\"192\" target=\"_self\" href=\"https:\/\/nr.fas.is\/?team=vaka-sif-tjorvadottir\"><img loading=\"lazy\" decoding=\"async\" width=\"814\" height=\"1024\" src=\"https:\/\/nr.fas.is\/wp-content\/uploads\/2023\/09\/vaka-814x1024.jpg\" class=\"img-responsive rt-team-img\" alt=\"Vaka Sif Tj\u00f6rvad\u00f3ttir\" \/><\/a><\/figure><\/div><div class=\"tlp-content\"><h3><span class=\"team-name\"><a class=\"\" data-id=\"192\" target=\"_self\" title=\"Vaka Sif Tj\u00f6rvad\u00f3ttir\" href=\"https:\/\/nr.fas.is\/?team=vaka-sif-tjorvadottir\">Vaka Sif Tj\u00f6rvad\u00f3ttir<\/a><\/span><\/h3><\/div><\/div><\/div><div class=\"rt-loading-overlay\"><\/div><div class=\"rt-loading rt-ball-clip-rotate\"><div><\/div><\/div><\/div><\/div>\n","protected":false},"excerpt":{"rendered":"","protected":false},"author":1,"featured_media":0,"parent":91,"menu_order":0,"comment_status":"closed","ping_status":"closed","template":"","meta":{"ocean_post_layout":"","ocean_both_sidebars_style":"","ocean_both_sidebars_content_width":0,"ocean_both_sidebars_sidebars_width":0,"ocean_sidebar":"0","ocean_second_sidebar":"0","ocean_disable_margins":"enable","ocean_add_body_class":"","ocean_shortcode_before_top_bar":"","ocean_shortcode_after_top_bar":"","ocean_shortcode_before_header":"","ocean_shortcode_after_header":"","ocean_has_shortcode":"","ocean_shortcode_after_title":"","ocean_shortcode_before_footer_widgets":"","ocean_shortcode_after_footer_widgets":"","ocean_shortcode_before_footer_bottom":"","ocean_shortcode_after_footer_bottom":"","ocean_display_top_bar":"default","ocean_display_header":"default","ocean_header_style":"","ocean_center_header_left_menu":"0","ocean_custom_header_template":"0","ocean_custom_logo":0,"ocean_custom_retina_logo":0,"ocean_custom_logo_max_width":0,"ocean_custom_logo_tablet_max_width":0,"ocean_custom_logo_mobile_max_width":0,"ocean_custom_logo_max_height":0,"ocean_custom_logo_tablet_max_height":0,"ocean_custom_logo_mobile_max_height":0,"ocean_header_custom_menu":"0","ocean_menu_typo_font_family":"0","ocean_menu_typo_font_subset":"","ocean_menu_typo_font_size":0,"ocean_menu_typo_font_size_tablet":0,"ocean_menu_typo_font_size_mobile":0,"ocean_menu_typo_font_size_unit":"px","ocean_menu_typo_font_weight":"","ocean_menu_typo_font_weight_tablet":"","ocean_menu_typo_font_weight_mobile":"","ocean_menu_typo_transform":"","ocean_menu_typo_transform_tablet":"","ocean_menu_typo_transform_mobile":"","ocean_menu_typo_line_height":0,"ocean_menu_typo_line_height_tablet":0,"ocean_menu_typo_line_height_mobile":0,"ocean_menu_typo_line_height_unit":"","ocean_menu_typo_spacing":0,"ocean_menu_typo_spacing_tablet":0,"ocean_menu_typo_spacing_mobile":0,"ocean_menu_typo_spacing_unit":"","ocean_menu_link_color":"","ocean_menu_link_color_hover":"","ocean_menu_link_color_active":"","ocean_menu_link_background":"","ocean_menu_link_hover_background":"","ocean_menu_link_active_background":"","ocean_menu_social_links_bg":"","ocean_menu_social_hover_links_bg":"","ocean_menu_social_links_color":"","ocean_menu_social_hover_links_color":"","ocean_disable_title":"default","ocean_disable_heading":"default","ocean_post_title":"","ocean_post_subheading":"","ocean_post_title_style":"","ocean_post_title_background_color":"","ocean_post_title_background":0,"ocean_post_title_bg_image_position":"","ocean_post_title_bg_image_attachment":"","ocean_post_title_bg_image_repeat":"","ocean_post_title_bg_image_size":"","ocean_post_title_height":0,"ocean_post_title_bg_overlay":0.5,"ocean_post_title_bg_overlay_color":"","ocean_disable_breadcrumbs":"default","ocean_breadcrumbs_color":"","ocean_breadcrumbs_separator_color":"","ocean_breadcrumbs_links_color":"","ocean_breadcrumbs_links_hover_color":"","ocean_display_footer_widgets":"default","ocean_display_footer_bottom":"default","ocean_custom_footer_template":"0","footnotes":"","_links_to":"","_links_to_target":""},"class_list":["post-99","page","type-page","status-publish","hentry","entry","has-media"],"_links":{"self":[{"href":"https:\/\/nr.fas.is\/index.php?rest_route=\/wp\/v2\/pages\/99","targetHints":{"allow":["GET"]}}],"collection":[{"href":"https:\/\/nr.fas.is\/index.php?rest_route=\/wp\/v2\/pages"}],"about":[{"href":"https:\/\/nr.fas.is\/index.php?rest_route=\/wp\/v2\/types\/page"}],"author":[{"embeddable":true,"href":"https:\/\/nr.fas.is\/index.php?rest_route=\/wp\/v2\/users\/1"}],"replies":[{"embeddable":true,"href":"https:\/\/nr.fas.is\/index.php?rest_route=%2Fwp%2Fv2%2Fcomments&post=99"}],"version-history":[{"count":2,"href":"https:\/\/nr.fas.is\/index.php?rest_route=\/wp\/v2\/pages\/99\/revisions"}],"predecessor-version":[{"id":130,"href":"https:\/\/nr.fas.is\/index.php?rest_route=\/wp\/v2\/pages\/99\/revisions\/130"}],"up":[{"embeddable":true,"href":"https:\/\/nr.fas.is\/index.php?rest_route=\/wp\/v2\/pages\/91"}],"wp:attachment":[{"href":"https:\/\/nr.fas.is\/index.php?rest_route=%2Fwp%2Fv2%2Fmedia&parent=99"}],"curies":[{"name":"wp","href":"https:\/\/api.w.org\/{rel}","templated":true}]}}