{"id":778,"date":"2024-09-02T10:50:53","date_gmt":"2024-09-02T10:50:53","guid":{"rendered":"https:\/\/nr.fas.is\/?page_id=778"},"modified":"2024-09-02T11:01:01","modified_gmt":"2024-09-02T11:01:01","slug":"iceland-2024-2025","status":"publish","type":"page","link":"https:\/\/nr.fas.is\/?page_id=778","title":{"rendered":"Iceland 2024 &#8211; 2025"},"content":{"rendered":"<div class='rt-container-fluid rt-team-container rt-pos-r rt-team-container-786' id='rt-team-container-3030809844'  data-layout='layout1' data-desktop-col='4'  data-tab-col='2'  data-mobile-col='1' data-sc-id='786' data-popup-bg=''><div data-title='Loading ...' class='rt-row rt-content-loader layout1 ttp-even ttp-pre-loader'><div class=\"rt-col-md-3 rt-col-sm-6 rt-col-xs-12  even-grid-item rt-grid-item\" data-id=\"798\"><div class=\"single-team-area\"><div class=\"single-team\"><figure><a class=\"\" data-id=\"798\" target=\"_self\" href=\"https:\/\/nr.fas.is\/?team=andrea-sol-sigurdardottir\"><img fetchpriority=\"high\" decoding=\"async\" width=\"768\" height=\"1024\" src=\"https:\/\/nr.fas.is\/wp-content\/uploads\/2024\/09\/andrea-768x1024.jpg\" class=\"img-responsive rt-team-img\" alt=\"Andrea S\u00f3l Sigur\u00f0ard\u00f3ttir\" \/><\/a><\/figure><\/div><div class=\"tlp-content\"><h3><span class=\"team-name\"><a class=\"\" data-id=\"798\" target=\"_self\" title=\"Andrea S\u00f3l Sigur\u00f0ard\u00f3ttir\" href=\"https:\/\/nr.fas.is\/?team=andrea-sol-sigurdardottir\">Andrea S\u00f3l Sigur\u00f0ard\u00f3ttir<\/a><\/span><\/h3><\/div><\/div><\/div><div class=\"rt-col-md-3 rt-col-sm-6 rt-col-xs-12  even-grid-item rt-grid-item\" data-id=\"800\"><div class=\"single-team-area\"><div class=\"single-team\"><figure><a class=\"\" data-id=\"800\" target=\"_self\" href=\"https:\/\/nr.fas.is\/?team=brynja-lind-oskarsdottir\"><img decoding=\"async\" width=\"576\" height=\"1024\" src=\"https:\/\/nr.fas.is\/wp-content\/uploads\/2024\/09\/brynja-576x1024.jpg\" class=\"img-responsive rt-team-img\" alt=\"Brynja Lind \u00d3skarsd\u00f3ttir\" \/><\/a><\/figure><\/div><div class=\"tlp-content\"><h3><span class=\"team-name\"><a class=\"\" data-id=\"800\" target=\"_self\" title=\"Brynja Lind \u00d3skarsd\u00f3ttir\" href=\"https:\/\/nr.fas.is\/?team=brynja-lind-oskarsdottir\">Brynja Lind \u00d3skarsd\u00f3ttir<\/a><\/span><\/h3><\/div><\/div><\/div><div class=\"rt-col-md-3 rt-col-sm-6 rt-col-xs-12  even-grid-item rt-grid-item\" data-id=\"802\"><div class=\"single-team-area\"><div class=\"single-team\"><figure><a class=\"\" data-id=\"802\" target=\"_self\" href=\"https:\/\/nr.fas.is\/?team=jahem-tristan-ocvil\"><img decoding=\"async\" width=\"222\" height=\"405\" src=\"https:\/\/nr.fas.is\/wp-content\/uploads\/2024\/09\/jahem.png\" class=\"img-responsive rt-team-img\" alt=\"Jahem Tristan Ocvil\" \/><\/a><\/figure><\/div><div class=\"tlp-content\"><h3><span class=\"team-name\"><a class=\"\" data-id=\"802\" target=\"_self\" title=\"Jahem Tristan Ocvil\" href=\"https:\/\/nr.fas.is\/?team=jahem-tristan-ocvil\">Jahem Tristan Ocvil<\/a><\/span><\/h3><\/div><\/div><\/div><div class=\"rt-col-md-3 rt-col-sm-6 rt-col-xs-12  even-grid-item rt-grid-item\" data-id=\"806\"><div class=\"single-team-area\"><div class=\"single-team\"><figure><a class=\"\" data-id=\"806\" target=\"_self\" href=\"https:\/\/nr.fas.is\/?team=lilja-run-kristjansdottir\"><img loading=\"lazy\" decoding=\"async\" width=\"647\" height=\"863\" src=\"https:\/\/nr.fas.is\/wp-content\/uploads\/2024\/09\/lilja.jpg\" class=\"img-responsive rt-team-img\" alt=\"Lilja R\u00fan Kristj\u00e1nsd\u00f3ttir\" \/><\/a><\/figure><\/div><div class=\"tlp-content\"><h3><span class=\"team-name\"><a class=\"\" data-id=\"806\" target=\"_self\" title=\"Lilja R\u00fan Kristj\u00e1nsd\u00f3ttir\" href=\"https:\/\/nr.fas.is\/?team=lilja-run-kristjansdottir\">Lilja R\u00fan Kristj\u00e1nsd\u00f3ttir<\/a><\/span><\/h3><\/div><\/div><\/div><div class=\"rt-col-md-3 rt-col-sm-6 rt-col-xs-12  even-grid-item rt-grid-item\" data-id=\"808\"><div class=\"single-team-area\"><div class=\"single-team\"><figure><a class=\"\" data-id=\"808\" target=\"_self\" href=\"https:\/\/nr.fas.is\/?team=margret-maria-aradottir\"><img loading=\"lazy\" decoding=\"async\" width=\"468\" height=\"809\" src=\"https:\/\/nr.fas.is\/wp-content\/uploads\/2024\/09\/margret.jpg\" class=\"img-responsive rt-team-img\" alt=\"Margr\u00e9t Mar\u00eda Arad\u00f3ttir\" \/><\/a><\/figure><\/div><div class=\"tlp-content\"><h3><span class=\"team-name\"><a class=\"\" data-id=\"808\" target=\"_self\" title=\"Margr\u00e9t Mar\u00eda Arad\u00f3ttir\" href=\"https:\/\/nr.fas.is\/?team=margret-maria-aradottir\">Margr\u00e9t Mar\u00eda Arad\u00f3ttir<\/a><\/span><\/h3><\/div><\/div><\/div><div class=\"rt-col-md-3 rt-col-sm-6 rt-col-xs-12  even-grid-item rt-grid-item\" data-id=\"810\"><div class=\"single-team-area\"><div class=\"single-team\"><figure><a class=\"\" data-id=\"810\" target=\"_self\" href=\"https:\/\/nr.fas.is\/?team=saevar-oli-helgason\"><img loading=\"lazy\" decoding=\"async\" width=\"216\" height=\"216\" src=\"https:\/\/nr.fas.is\/wp-content\/uploads\/2024\/09\/saevar.jpg\" class=\"img-responsive rt-team-img\" alt=\"S\u00e6var \u00d3li Helgason\" \/><\/a><\/figure><\/div><div class=\"tlp-content\"><h3><span class=\"team-name\"><a class=\"\" data-id=\"810\" target=\"_self\" title=\"S\u00e6var \u00d3li Helgason\" href=\"https:\/\/nr.fas.is\/?team=saevar-oli-helgason\">S\u00e6var \u00d3li Helgason<\/a><\/span><\/h3><\/div><\/div><\/div><div class=\"rt-col-md-3 rt-col-sm-6 rt-col-xs-12  even-grid-item rt-grid-item\" data-id=\"812\"><div class=\"single-team-area\"><div class=\"single-team\"><figure><a class=\"\" data-id=\"812\" target=\"_self\" href=\"https:\/\/nr.fas.is\/?team=smari-oliver-gudjonsson\"><img loading=\"lazy\" decoding=\"async\" width=\"568\" height=\"556\" src=\"https:\/\/nr.fas.is\/wp-content\/uploads\/2024\/09\/smari.jpg\" class=\"img-responsive rt-team-img\" alt=\"Sm\u00e1ri \u00d3liver Gu\u00f0j\u00f3nsson\" \/><\/a><\/figure><\/div><div class=\"tlp-content\"><h3><span class=\"team-name\"><a class=\"\" data-id=\"812\" target=\"_self\" title=\"Sm\u00e1ri \u00d3liver Gu\u00f0j\u00f3nsson\" href=\"https:\/\/nr.fas.is\/?team=smari-oliver-gudjonsson\">Sm\u00e1ri \u00d3liver Gu\u00f0j\u00f3nsson<\/a><\/span><\/h3><\/div><\/div><\/div><div class=\"rt-col-md-3 rt-col-sm-6 rt-col-xs-12  even-grid-item rt-grid-item\" data-id=\"795\"><div class=\"single-team-area\"><div class=\"single-team\"><figure><a class=\"\" data-id=\"795\" target=\"_self\" href=\"https:\/\/nr.fas.is\/?team=vaka-sif-tjorvadottir-2\"><img loading=\"lazy\" decoding=\"async\" width=\"814\" height=\"1024\" src=\"https:\/\/nr.fas.is\/wp-content\/uploads\/2024\/09\/vaka-814x1024.jpg\" class=\"img-responsive rt-team-img\" alt=\"Vaka Sif Tj\u00f6rvad\u00f3ttir\" \/><\/a><\/figure><\/div><div class=\"tlp-content\"><h3><span class=\"team-name\"><a class=\"\" data-id=\"795\" target=\"_self\" title=\"Vaka Sif Tj\u00f6rvad\u00f3ttir\" href=\"https:\/\/nr.fas.is\/?team=vaka-sif-tjorvadottir-2\">Vaka Sif Tj\u00f6rvad\u00f3ttir<\/a><\/span><\/h3><\/div><\/div><\/div><div class=\"rt-loading-overlay\"><\/div><div class=\"rt-loading rt-ball-clip-rotate\"><div><\/div><\/div><\/div><\/div>\n","protected":false},"excerpt":{"rendered":"","protected":false},"author":1,"featured_media":0,"parent":91,"menu_order":0,"comment_status":"closed","ping_status":"closed","template":"","meta":{"ocean_post_layout":"","ocean_both_sidebars_style":"","ocean_both_sidebars_content_width":0,"ocean_both_sidebars_sidebars_width":0,"ocean_sidebar":"0","ocean_second_sidebar":"0","ocean_disable_margins":"enable","ocean_add_body_class":"","ocean_shortcode_before_top_bar":"","ocean_shortcode_after_top_bar":"","ocean_shortcode_before_header":"","ocean_shortcode_after_header":"","ocean_has_shortcode":"","ocean_shortcode_after_title":"","ocean_shortcode_before_footer_widgets":"","ocean_shortcode_after_footer_widgets":"","ocean_shortcode_before_footer_bottom":"","ocean_shortcode_after_footer_bottom":"","ocean_display_top_bar":"default","ocean_display_header":"default","ocean_header_style":"","ocean_center_header_left_menu":"0","ocean_custom_header_template":"0","ocean_custom_logo":0,"ocean_custom_retina_logo":0,"ocean_custom_logo_max_width":0,"ocean_custom_logo_tablet_max_width":0,"ocean_custom_logo_mobile_max_width":0,"ocean_custom_logo_max_height":0,"ocean_custom_logo_tablet_max_height":0,"ocean_custom_logo_mobile_max_height":0,"ocean_header_custom_menu":"0","ocean_menu_typo_font_family":"0","ocean_menu_typo_font_subset":"","ocean_menu_typo_font_size":0,"ocean_menu_typo_font_size_tablet":0,"ocean_menu_typo_font_size_mobile":0,"ocean_menu_typo_font_size_unit":"px","ocean_menu_typo_font_weight":"","ocean_menu_typo_font_weight_tablet":"","ocean_menu_typo_font_weight_mobile":"","ocean_menu_typo_transform":"","ocean_menu_typo_transform_tablet":"","ocean_menu_typo_transform_mobile":"","ocean_menu_typo_line_height":0,"ocean_menu_typo_line_height_tablet":0,"ocean_menu_typo_line_height_mobile":0,"ocean_menu_typo_line_height_unit":"","ocean_menu_typo_spacing":0,"ocean_menu_typo_spacing_tablet":0,"ocean_menu_typo_spacing_mobile":0,"ocean_menu_typo_spacing_unit":"","ocean_menu_link_color":"","ocean_menu_link_color_hover":"","ocean_menu_link_color_active":"","ocean_menu_link_background":"","ocean_menu_link_hover_background":"","ocean_menu_link_active_background":"","ocean_menu_social_links_bg":"","ocean_menu_social_hover_links_bg":"","ocean_menu_social_links_color":"","ocean_menu_social_hover_links_color":"","ocean_disable_title":"default","ocean_disable_heading":"default","ocean_post_title":"","ocean_post_subheading":"","ocean_post_title_style":"","ocean_post_title_background_color":"","ocean_post_title_background":0,"ocean_post_title_bg_image_position":"","ocean_post_title_bg_image_attachment":"","ocean_post_title_bg_image_repeat":"","ocean_post_title_bg_image_size":"","ocean_post_title_height":0,"ocean_post_title_bg_overlay":0.5,"ocean_post_title_bg_overlay_color":"","ocean_disable_breadcrumbs":"default","ocean_breadcrumbs_color":"","ocean_breadcrumbs_separator_color":"","ocean_breadcrumbs_links_color":"","ocean_breadcrumbs_links_hover_color":"","ocean_display_footer_widgets":"default","ocean_display_footer_bottom":"default","ocean_custom_footer_template":"0","footnotes":"","_links_to":"","_links_to_target":""},"class_list":["post-778","page","type-page","status-publish","hentry","entry","has-media"],"_links":{"self":[{"href":"https:\/\/nr.fas.is\/index.php?rest_route=\/wp\/v2\/pages\/778","targetHints":{"allow":["GET"]}}],"collection":[{"href":"https:\/\/nr.fas.is\/index.php?rest_route=\/wp\/v2\/pages"}],"about":[{"href":"https:\/\/nr.fas.is\/index.php?rest_route=\/wp\/v2\/types\/page"}],"author":[{"embeddable":true,"href":"https:\/\/nr.fas.is\/index.php?rest_route=\/wp\/v2\/users\/1"}],"replies":[{"embeddable":true,"href":"https:\/\/nr.fas.is\/index.php?rest_route=%2Fwp%2Fv2%2Fcomments&post=778"}],"version-history":[{"count":2,"href":"https:\/\/nr.fas.is\/index.php?rest_route=\/wp\/v2\/pages\/778\/revisions"}],"predecessor-version":[{"id":790,"href":"https:\/\/nr.fas.is\/index.php?rest_route=\/wp\/v2\/pages\/778\/revisions\/790"}],"up":[{"embeddable":true,"href":"https:\/\/nr.fas.is\/index.php?rest_route=\/wp\/v2\/pages\/91"}],"wp:attachment":[{"href":"https:\/\/nr.fas.is\/index.php?rest_route=%2Fwp%2Fv2%2Fmedia&parent=778"}],"curies":[{"name":"wp","href":"https:\/\/api.w.org\/{rel}","templated":true}]}}